{"id":1297,"date":"2021-12-03T13:21:55","date_gmt":"2021-12-03T12:21:55","guid":{"rendered":"https:\/\/www.wikafi.be\/politique-de-confidentialite\/"},"modified":"2023-11-28T13:40:30","modified_gmt":"2023-11-28T12:40:30","slug":"politique-de-confidentialite","status":"publish","type":"page","link":"https:\/\/www.wikafi.be\/en\/politique-de-confidentialite\/","title":{"rendered":"Politique de confidentialit\u00e9"},"content":{"rendered":"\t\t<div data-elementor-type=\"wp-page\" data-elementor-id=\"1297\" class=\"elementor elementor-1297 elementor-3\" data-elementor-post-type=\"page\">\n\t\t\t\t\t\t<section class=\"elementor-section elementor-top-section elementor-element elementor-element-2fa778b7 elementor-section-boxed elementor-section-height-default elementor-section-height-default\" data-id=\"2fa778b7\" data-element_type=\"section\" data-e-type=\"section\">\n\t\t\t\t\t\t<div class=\"elementor-container elementor-column-gap-default\">\n\t\t\t\t\t<div class=\"elementor-column elementor-col-100 elementor-top-column elementor-element elementor-element-1d5fe69d\" data-id=\"1d5fe69d\" data-element_type=\"column\" data-e-type=\"column\">\n\t\t\t<div class=\"elementor-widget-wrap elementor-element-populated\">\n\t\t\t\t\t\t<div data-dce-title-color=\"#373636\" class=\"elementor-element elementor-element-c0ef19c elementor-widget elementor-widget-heading\" data-id=\"c0ef19c\" data-element_type=\"widget\" data-e-type=\"widget\" data-widget_type=\"heading.default\">\n\t\t\t\t<div class=\"elementor-widget-container\">\n\t\t\t\t\t<h2 class=\"elementor-heading-title elementor-size-default\">Privacy <\/h2>\t\t\t\t<\/div>\n\t\t\t\t<\/div>\n\t\t\t\t<div class=\"elementor-element elementor-element-48dce1a0 elementor-widget elementor-widget-text-editor\" data-id=\"48dce1a0\" data-element_type=\"widget\" data-e-type=\"widget\" data-widget_type=\"text-editor.default\">\n\t\t\t\t<div class=\"elementor-widget-container\">\n\t\t\t\t\t\t\t\t\t<p>Les donn\u00e9es personnelles recueillies par l\u2019interm\u00e9diaire des formulaires disponibles sur ce site (\u00e0 savoir le formulaire de contact) font l\u2019objet d\u2019un traitement informatique par Wikafi, destin\u00e9 uniquement \u00e0 la gestion de votre demande. Nous ne les commercialisons pas, ne les transf\u00e9rons pas \u00e0 des tiers, ni ne les utilisons \u00e0 des fins de publicit\u00e9 ou d\u2019op\u00e9ration commerciale.<\/p><p>Les donn\u00e9es identifi\u00e9es par un ast\u00e9risque sont obligatoires. A d\u00e9faut, nous ne pourrons pas r\u00e9pondre \u00e0 votre demande.<\/p><p>Ces donn\u00e9es seront conserv\u00e9es le temps de traiter votre demande et dans un d\u00e9lai n\u2019exc\u00e9dant pas 6 mois \u00e0 compter de votre demande.<\/p><p>Conform\u00e9ment \u00e0 la r\u00e9glementation en vigueur, vous b\u00e9n\u00e9ficiez des droits suivants sur les donn\u00e9es qui vous concernent\u00a0:<\/p><ul class=\"list-icon-check\"><li>Un droit d\u2019acc\u00e8s et de rectification\u00a0;<\/li><li>Un droit \u00e0 l\u2019effacement des donn\u00e9es, \u00e0 la limitation du traitement et un droit d\u2019opposition au traitement dans les cas pr\u00e9vus par la r\u00e9glementation\u00a0;<\/li><li>Un droit \u00e0 la portabilit\u00e9 de ces donn\u00e9es\u00a0;<\/li><li>Le droit d\u2019introduire une r\u00e9clamation aupr\u00e8s d\u2019une autorit\u00e9 de contr\u00f4le<\/li><\/ul><p>Pour exercer ces droits ou pour toute question sur le traitement de vos donn\u00e9es dans ce dispositif, vous pouvez contacter la Direction G\u00e9n\u00e9rale de Wikafi \u00e0 l\u2019adresse suivante : <a href=\"mailto:info@wikafi.be\">info@wikafi.be<\/a>. Une r\u00e9ponse vous sera transmise dans un d\u00e9lai maximum de 30 jours. Si nous ne pouvons respecter ce d\u00e9lai, vous serez inform\u00e9 des actions en cours.<\/p>\t\t\t\t\t\t\t\t<\/div>\n\t\t\t\t<\/div>\n\t\t\t\t\t<\/div>\n\t\t<\/div>\n\t\t\t\t\t<\/div>\n\t\t<\/section>\n\t\t\t\t<\/div>\n\t\t","protected":false},"excerpt":{"rendered":"<p>Privacy Les donn\u00e9es personnelles recueillies par l\u2019interm\u00e9diaire des formulaires disponibles sur ce site (\u00e0 savoir le formulaire de contact) font l\u2019objet d\u2019un traitement informatique par Wikafi, destin\u00e9 uniquement \u00e0 la gestion de votre demande. Nous ne les commercialisons pas, ne les transf\u00e9rons pas \u00e0 des tiers, ni ne les utilisons \u00e0 des fins de publicit\u00e9 [&hellip;]<\/p>\n","protected":false},"author":1,"featured_media":0,"parent":0,"menu_order":0,"comment_status":"closed","ping_status":"open","template":"","meta":{"_acf_changed":false,"inline_featured_image":false,"footnotes":""},"class_list":["post-1297","page","type-page","status-publish","hentry"],"acf":[],"yoast_head":"<!-- This site is optimized with the Yoast SEO plugin v27.5 - https:\/\/yoast.com\/product\/yoast-seo-wordpress\/ -->\n<title>Politique de confidentialit\u00e9 - Wikafi<\/title>\n<meta name=\"robots\" content=\"index, follow, max-snippet:-1, max-image-preview:large, max-video-preview:-1\" \/>\n<link rel=\"canonical\" href=\"https:\/\/www.wikafi.be\/en\/politique-de-confidentialite\/\" \/>\n<meta property=\"og:locale\" content=\"en_US\" \/>\n<meta property=\"og:type\" content=\"article\" \/>\n<meta property=\"og:title\" content=\"Politique de confidentialit\u00e9 - Wikafi\" \/>\n<meta property=\"og:description\" content=\"Privacy Les donn\u00e9es personnelles recueillies par l\u2019interm\u00e9diaire des formulaires disponibles sur ce site (\u00e0 savoir le formulaire de contact) font l\u2019objet d\u2019un traitement informatique par Wikafi, destin\u00e9 uniquement \u00e0 la gestion de votre demande. Nous ne les commercialisons pas, ne les transf\u00e9rons pas \u00e0 des tiers, ni ne les utilisons \u00e0 des fins de publicit\u00e9 [&hellip;]\" \/>\n<meta property=\"og:url\" content=\"https:\/\/www.wikafi.be\/en\/politique-de-confidentialite\/\" \/>\n<meta property=\"og:site_name\" content=\"Wikafi\" \/>\n<meta property=\"article:modified_time\" content=\"2023-11-28T12:40:30+00:00\" \/>\n<meta name=\"twitter:card\" content=\"summary_large_image\" \/>\n<meta name=\"twitter:label1\" content=\"Est. reading time\" \/>\n\t<meta name=\"twitter:data1\" content=\"1 minute\" \/>\n<script type=\"application\/ld+json\" class=\"yoast-schema-graph\">{\"@context\":\"https:\\\/\\\/schema.org\",\"@graph\":[{\"@type\":\"WebPage\",\"@id\":\"https:\\\/\\\/www.wikafi.be\\\/en\\\/politique-de-confidentialite\\\/\",\"url\":\"https:\\\/\\\/www.wikafi.be\\\/en\\\/politique-de-confidentialite\\\/\",\"name\":\"Politique de confidentialit\u00e9 - Wikafi\",\"isPartOf\":{\"@id\":\"https:\\\/\\\/www.wikafi.be\\\/#website\"},\"datePublished\":\"2021-12-03T12:21:55+00:00\",\"dateModified\":\"2023-11-28T12:40:30+00:00\",\"breadcrumb\":{\"@id\":\"https:\\\/\\\/www.wikafi.be\\\/en\\\/politique-de-confidentialite\\\/#breadcrumb\"},\"inLanguage\":\"en-US\",\"potentialAction\":[{\"@type\":\"ReadAction\",\"target\":[\"https:\\\/\\\/www.wikafi.be\\\/en\\\/politique-de-confidentialite\\\/\"]}]},{\"@type\":\"BreadcrumbList\",\"@id\":\"https:\\\/\\\/www.wikafi.be\\\/en\\\/politique-de-confidentialite\\\/#breadcrumb\",\"itemListElement\":[{\"@type\":\"ListItem\",\"position\":1,\"name\":\"Accueil\",\"item\":\"https:\\\/\\\/www.wikafi.be\\\/\"},{\"@type\":\"ListItem\",\"position\":2,\"name\":\"Politique de confidentialit\u00e9\"}]},{\"@type\":\"WebSite\",\"@id\":\"https:\\\/\\\/www.wikafi.be\\\/#website\",\"url\":\"https:\\\/\\\/www.wikafi.be\\\/\",\"name\":\"Wikafi\",\"description\":\"Web to you\",\"publisher\":{\"@id\":\"https:\\\/\\\/www.wikafi.be\\\/#organization\"},\"potentialAction\":[{\"@type\":\"SearchAction\",\"target\":{\"@type\":\"EntryPoint\",\"urlTemplate\":\"https:\\\/\\\/www.wikafi.be\\\/?s={search_term_string}\"},\"query-input\":{\"@type\":\"PropertyValueSpecification\",\"valueRequired\":true,\"valueName\":\"search_term_string\"}}],\"inLanguage\":\"en-US\"},{\"@type\":\"Organization\",\"@id\":\"https:\\\/\\\/www.wikafi.be\\\/#organization\",\"name\":\"Wikafi\",\"url\":\"https:\\\/\\\/www.wikafi.be\\\/\",\"logo\":{\"@type\":\"ImageObject\",\"inLanguage\":\"en-US\",\"@id\":\"https:\\\/\\\/www.wikafi.be\\\/#\\\/schema\\\/logo\\\/image\\\/\",\"url\":\"https:\\\/\\\/www.wikafi.be\\\/wp-content\\\/uploads\\\/2022\\\/01\\\/LogoWikafi2022.svg\",\"contentUrl\":\"https:\\\/\\\/www.wikafi.be\\\/wp-content\\\/uploads\\\/2022\\\/01\\\/LogoWikafi2022.svg\",\"caption\":\"Wikafi\"},\"image\":{\"@id\":\"https:\\\/\\\/www.wikafi.be\\\/#\\\/schema\\\/logo\\\/image\\\/\"}}]}<\/script>\n<!-- \/ Yoast SEO plugin. -->","yoast_head_json":{"title":"Politique de confidentialit\u00e9 - Wikafi","robots":{"index":"index","follow":"follow","max-snippet":"max-snippet:-1","max-image-preview":"max-image-preview:large","max-video-preview":"max-video-preview:-1"},"canonical":"https:\/\/www.wikafi.be\/en\/politique-de-confidentialite\/","og_locale":"en_US","og_type":"article","og_title":"Politique de confidentialit\u00e9 - Wikafi","og_description":"Privacy Les donn\u00e9es personnelles recueillies par l\u2019interm\u00e9diaire des formulaires disponibles sur ce site (\u00e0 savoir le formulaire de contact) font l\u2019objet d\u2019un traitement informatique par Wikafi, destin\u00e9 uniquement \u00e0 la gestion de votre demande. Nous ne les commercialisons pas, ne les transf\u00e9rons pas \u00e0 des tiers, ni ne les utilisons \u00e0 des fins de publicit\u00e9 [&hellip;]","og_url":"https:\/\/www.wikafi.be\/en\/politique-de-confidentialite\/","og_site_name":"Wikafi","article_modified_time":"2023-11-28T12:40:30+00:00","twitter_card":"summary_large_image","twitter_misc":{"Est. reading time":"1 minute"},"schema":{"@context":"https:\/\/schema.org","@graph":[{"@type":"WebPage","@id":"https:\/\/www.wikafi.be\/en\/politique-de-confidentialite\/","url":"https:\/\/www.wikafi.be\/en\/politique-de-confidentialite\/","name":"Politique de confidentialit\u00e9 - Wikafi","isPartOf":{"@id":"https:\/\/www.wikafi.be\/#website"},"datePublished":"2021-12-03T12:21:55+00:00","dateModified":"2023-11-28T12:40:30+00:00","breadcrumb":{"@id":"https:\/\/www.wikafi.be\/en\/politique-de-confidentialite\/#breadcrumb"},"inLanguage":"en-US","potentialAction":[{"@type":"ReadAction","target":["https:\/\/www.wikafi.be\/en\/politique-de-confidentialite\/"]}]},{"@type":"BreadcrumbList","@id":"https:\/\/www.wikafi.be\/en\/politique-de-confidentialite\/#breadcrumb","itemListElement":[{"@type":"ListItem","position":1,"name":"Accueil","item":"https:\/\/www.wikafi.be\/"},{"@type":"ListItem","position":2,"name":"Politique de confidentialit\u00e9"}]},{"@type":"WebSite","@id":"https:\/\/www.wikafi.be\/#website","url":"https:\/\/www.wikafi.be\/","name":"Wikafi","description":"Web to you","publisher":{"@id":"https:\/\/www.wikafi.be\/#organization"},"potentialAction":[{"@type":"SearchAction","target":{"@type":"EntryPoint","urlTemplate":"https:\/\/www.wikafi.be\/?s={search_term_string}"},"query-input":{"@type":"PropertyValueSpecification","valueRequired":true,"valueName":"search_term_string"}}],"inLanguage":"en-US"},{"@type":"Organization","@id":"https:\/\/www.wikafi.be\/#organization","name":"Wikafi","url":"https:\/\/www.wikafi.be\/","logo":{"@type":"ImageObject","inLanguage":"en-US","@id":"https:\/\/www.wikafi.be\/#\/schema\/logo\/image\/","url":"https:\/\/www.wikafi.be\/wp-content\/uploads\/2022\/01\/LogoWikafi2022.svg","contentUrl":"https:\/\/www.wikafi.be\/wp-content\/uploads\/2022\/01\/LogoWikafi2022.svg","caption":"Wikafi"},"image":{"@id":"https:\/\/www.wikafi.be\/#\/schema\/logo\/image\/"}}]}},"_links":{"self":[{"href":"https:\/\/www.wikafi.be\/en\/wp-json\/wp\/v2\/pages\/1297","targetHints":{"allow":["GET"]}}],"collection":[{"href":"https:\/\/www.wikafi.be\/en\/wp-json\/wp\/v2\/pages"}],"about":[{"href":"https:\/\/www.wikafi.be\/en\/wp-json\/wp\/v2\/types\/page"}],"author":[{"embeddable":true,"href":"https:\/\/www.wikafi.be\/en\/wp-json\/wp\/v2\/users\/1"}],"replies":[{"embeddable":true,"href":"https:\/\/www.wikafi.be\/en\/wp-json\/wp\/v2\/comments?post=1297"}],"version-history":[{"count":3,"href":"https:\/\/www.wikafi.be\/en\/wp-json\/wp\/v2\/pages\/1297\/revisions"}],"predecessor-version":[{"id":2409,"href":"https:\/\/www.wikafi.be\/en\/wp-json\/wp\/v2\/pages\/1297\/revisions\/2409"}],"wp:attachment":[{"href":"https:\/\/www.wikafi.be\/en\/wp-json\/wp\/v2\/media?parent=1297"}],"curies":[{"name":"wp","href":"https:\/\/api.w.org\/{rel}","templated":true}]}}