{"id":1272,"date":"2022-01-12T12:50:29","date_gmt":"2022-01-12T11:50:29","guid":{"rendered":"https:\/\/www.wikafi.be\/cookies\/"},"modified":"2022-03-08T13:15:59","modified_gmt":"2022-03-08T12:15:59","slug":"cookies","status":"publish","type":"page","link":"https:\/\/www.wikafi.be\/en\/cookies\/","title":{"rendered":"Cookies"},"content":{"rendered":"\t\t<div data-elementor-type=\"wp-page\" data-elementor-id=\"1272\" class=\"elementor elementor-1272 elementor-955\" data-elementor-post-type=\"page\">\n\t\t\t\t\t\t<section class=\"elementor-section elementor-top-section elementor-element elementor-element-737b61e elementor-section-boxed elementor-section-height-default elementor-section-height-default\" data-id=\"737b61e\" data-element_type=\"section\" data-e-type=\"section\">\n\t\t\t\t\t\t<div class=\"elementor-container elementor-column-gap-default\">\n\t\t\t\t\t<div class=\"elementor-column elementor-col-100 elementor-top-column elementor-element elementor-element-a2dae89\" data-id=\"a2dae89\" data-element_type=\"column\" data-e-type=\"column\">\n\t\t\t<div class=\"elementor-widget-wrap elementor-element-populated\">\n\t\t\t\t\t\t<div data-dce-title-color=\"#373636\" class=\"elementor-element elementor-element-23ed8da elementor-widget elementor-widget-heading\" data-id=\"23ed8da\" data-element_type=\"widget\" data-e-type=\"widget\" data-widget_type=\"heading.default\">\n\t\t\t\t<div class=\"elementor-widget-container\">\n\t\t\t\t\t<h2 class=\"elementor-heading-title elementor-size-default\">Cookies<\/h2>\t\t\t\t<\/div>\n\t\t\t\t<\/div>\n\t\t\t\t<div class=\"elementor-element elementor-element-4c966bf elementor-widget elementor-widget-text-editor\" data-id=\"4c966bf\" data-element_type=\"widget\" data-e-type=\"widget\" data-widget_type=\"text-editor.default\">\n\t\t\t\t<div class=\"elementor-widget-container\">\n\t\t\t\t\t\t\t\t\t<p>Le site internet de Wikafi utilisent des cookies. Ces donn\u00e9es sont \u00e0 l\u2019usage exclusif de Wikafi et portent exclusivement sur le suivi de navigation depuis le site Internet de Wikafi (web et mobile).<\/p><p>Le\u00a0CPVP a souhait\u00e9 que les internautes soient inform\u00e9s du r\u00f4le de ces cookies mais \u00e9galement de la fa\u00e7on de les g\u00e9rer (les accepter, les refuser, les effacer). Vous trouverez ces explications ci-dessous.<\/p><p><button id=\"ot-sdk-btn\" class=\"ot-sdk-show-settings\" style=\"background: #01A0C6; border-color: #01A0C6; color: #ffffff; border-radius: 50px;\">Personnaliser mes choix<\/button><\/p><p>\u00a0<\/p><p><b>Les cookies<\/b><\/p><p>Un cookie est un petit fichier texte d\u00e9pos\u00e9 sur votre ordinateur par les sites internet que vous visitez. Chaque site peut en d\u00e9poser plusieurs. Ce sont des t\u00e9moins de connexion, permettant de vous reconna\u00eetre pendant votre visite du site et d&#8217;analyser votre parcours de navigation.<\/p><p>Le cookie contient le plus souvent un identifiant unique et anonyme, permettant de comptabiliser correctement votre visite et d\u2019optimiser votre exp\u00e9rience utilisateur.<\/p><p>Voici le descriptif des cookies pr\u00e9sents sur le site internet de Wikafi :<\/p><p><b>Les cookies essentiels<\/b><\/p><p>Ces cookies sont indispensables et n\u00e9cessaires au bon fonctionnement de notre site web. Ils permettent notamment de vous identifier en tant qu\u2019utilisateur, de conserver vos pr\u00e9f\u00e9rences lors de votre visite (en termes de langue par exemple) et d\u2019enregistrer vos choix concernant le d\u00e9p\u00f4t de cookies. Ces cookies sont automatiquement actifs et ne peuvent \u00eatre d\u00e9sactiver via cet outil.<\/p><p><b>Les cookies de mesure d&#8217;audience et de performance<\/b><\/p><p>Les outils de mesures d\u2019audience sont d\u00e9ploy\u00e9s afin d\u2019obtenir des informations sur la navigation des visiteurs. Ils permettent notamment de comprendre comment les utilisateurs arrivent sur notre site puis d&#8217;y reconstituer leur parcours. Ces cookies nous permettent de suivre l&#8217;utilisation et les performances de notre site et d&#8217;en am\u00e9liorer le fonctionnement. Ce suivi porte par exemple sur les pages les plus consult\u00e9es ou encore les requ\u00eates faites dans notre moteur de recherche.<\/p><p>Wikafi utilise Google Analytics. Notre compte Google Analytics a \u00e9t\u00e9 param\u00e9tr\u00e9 en conformit\u00e9 avec le R\u00e8glement sur la protection des donn\u00e9es personnelles. Pour toute information compl\u00e9mentaire, nous vous invitons \u00e0 consulter la <a href=\"https:\/\/policies.google.com\/privacy?hl=fr\" data-htmlarea-external=\"1\">politique de confidentialit\u00e9 de Google Analytics<\/a>.<\/p><p><b>Les cookies d\u2019optimisation de l\u2019exp\u00e9rience utilisateur<\/b><\/p><p>Ces cookies nous permettent d\u2019offrir une meilleure exp\u00e9rience aux utilisateurs et d\u2019adapter votre navigation sur nos sites. Ainsi, si vous utilisez le m\u00eame navigateur que lors de votre visite ant\u00e9rieure, les cookies vont se souvenir de vos pr\u00e9f\u00e9rences, sauront comment vous utilisez le site Internet et modifieront le contenu qui est affich\u00e9 pour vous de fa\u00e7on \u00e0 ce qu&#8217;il soit mieux adapt\u00e9 \u00e0 vos int\u00e9r\u00eats et \u00e0 vos besoins personnels. Wikafi utilise le syst\u00e8me de gestion de contenu WordPress, logiciel libre (open source).<\/p><p><b>Des cookies tiers li\u00e9es \u00e0 des entreprises externes \u00e0 Wikafi et utilis\u00e9es sur notre site<\/b><\/p><p>L\u2019utilisation et le d\u00e9p\u00f4t de ces cookies est conditionn\u00e9 \u00e0 l\u2019obtention de votre consentement. Pour plus d\u2019informations, nous vous invitons \u00e0 consulter les politiques de protection de la vie priv\u00e9e de ces fournisseurs.<\/p><p><b>Le cookie &#8221; j&#8217;accepte les cookies &#8220;<\/b><\/p><p>Lorsque vous consultez notre site internet, un message s&#8217;affiche pour recueillir votre consentement concernant les cookies pr\u00e9sents sur le site Wikafi. Afin que nous puissions m\u00e9moriser votre choix et ne plus vous pr\u00e9senter ce message d&#8217;information, nous devons d\u00e9poser un nouveau cookie sur votre ordinateur.<\/p><p><b>G\u00e9rer les cookies sur les diff\u00e9rents navigateurs<\/b><\/p><p>Votre navigateur internet (Firefox, Chrome, Internet Explorer, Safari&#8230;) vous permet d&#8217;accepter ou refuser globalement les cookies et de g\u00e9rer des exceptions.<\/p><p><i>Attention : les cookies sont parfois n\u00e9cessaires aux fonctionnalit\u00e9s propos\u00e9es en ligne. Sans ces cookies, des fonctions qui facilitent l&#8217;utilisation de notre site Internet ne sont plus disponibles.<\/i><\/p><div id=\"ConnectiveDocSignExtentionInstalled\" data-extension-version=\"1.0.4\">\u00a0<\/div>\t\t\t\t\t\t\t\t<\/div>\n\t\t\t\t<\/div>\n\t\t\t\t\t<\/div>\n\t\t<\/div>\n\t\t\t\t\t<\/div>\n\t\t<\/section>\n\t\t\t\t<\/div>\n\t\t","protected":false},"excerpt":{"rendered":"<p>Cookies Le site internet de Wikafi utilisent des cookies. Ces donn\u00e9es sont \u00e0 l\u2019usage exclusif de Wikafi et portent exclusivement sur le suivi de navigation depuis le site Internet de Wikafi (web et mobile). Le\u00a0CPVP a souhait\u00e9 que les internautes soient inform\u00e9s du r\u00f4le de ces cookies mais \u00e9galement de la fa\u00e7on de les g\u00e9rer [&hellip;]<\/p>\n","protected":false},"author":2,"featured_media":0,"parent":0,"menu_order":0,"comment_status":"closed","ping_status":"closed","template":"","meta":{"_acf_changed":false,"inline_featured_image":false,"footnotes":""},"class_list":["post-1272","page","type-page","status-publish","hentry"],"acf":[],"yoast_head":"<!-- This site is optimized with the Yoast SEO plugin v27.3 - https:\/\/yoast.com\/product\/yoast-seo-wordpress\/ -->\n<title>Cookies - Wikafi<\/title>\n<meta name=\"robots\" content=\"index, follow, max-snippet:-1, max-image-preview:large, max-video-preview:-1\" \/>\n<link rel=\"canonical\" href=\"https:\/\/www.wikafi.be\/en\/cookies\/\" \/>\n<meta property=\"og:locale\" content=\"en_US\" \/>\n<meta property=\"og:type\" content=\"article\" \/>\n<meta property=\"og:title\" content=\"Cookies - Wikafi\" \/>\n<meta property=\"og:description\" content=\"Cookies Le site internet de Wikafi utilisent des cookies. Ces donn\u00e9es sont \u00e0 l\u2019usage exclusif de Wikafi et portent exclusivement sur le suivi de navigation depuis le site Internet de Wikafi (web et mobile). Le\u00a0CPVP a souhait\u00e9 que les internautes soient inform\u00e9s du r\u00f4le de ces cookies mais \u00e9galement de la fa\u00e7on de les g\u00e9rer [&hellip;]\" \/>\n<meta property=\"og:url\" content=\"https:\/\/www.wikafi.be\/en\/cookies\/\" \/>\n<meta property=\"og:site_name\" content=\"Wikafi\" \/>\n<meta property=\"article:modified_time\" content=\"2022-03-08T12:15:59+00:00\" \/>\n<meta name=\"twitter:card\" content=\"summary_large_image\" \/>\n<meta name=\"twitter:label1\" content=\"Est. reading time\" \/>\n\t<meta name=\"twitter:data1\" content=\"3 minutes\" \/>\n<script type=\"application\/ld+json\" class=\"yoast-schema-graph\">{\"@context\":\"https:\\\/\\\/schema.org\",\"@graph\":[{\"@type\":\"WebPage\",\"@id\":\"https:\\\/\\\/www.wikafi.be\\\/en\\\/cookies\\\/\",\"url\":\"https:\\\/\\\/www.wikafi.be\\\/en\\\/cookies\\\/\",\"name\":\"Cookies - Wikafi\",\"isPartOf\":{\"@id\":\"https:\\\/\\\/www.wikafi.be\\\/#website\"},\"datePublished\":\"2022-01-12T11:50:29+00:00\",\"dateModified\":\"2022-03-08T12:15:59+00:00\",\"breadcrumb\":{\"@id\":\"https:\\\/\\\/www.wikafi.be\\\/en\\\/cookies\\\/#breadcrumb\"},\"inLanguage\":\"en-US\",\"potentialAction\":[{\"@type\":\"ReadAction\",\"target\":[\"https:\\\/\\\/www.wikafi.be\\\/en\\\/cookies\\\/\"]}]},{\"@type\":\"BreadcrumbList\",\"@id\":\"https:\\\/\\\/www.wikafi.be\\\/en\\\/cookies\\\/#breadcrumb\",\"itemListElement\":[{\"@type\":\"ListItem\",\"position\":1,\"name\":\"Accueil\",\"item\":\"https:\\\/\\\/www.wikafi.be\\\/\"},{\"@type\":\"ListItem\",\"position\":2,\"name\":\"Cookies\"}]},{\"@type\":\"WebSite\",\"@id\":\"https:\\\/\\\/www.wikafi.be\\\/#website\",\"url\":\"https:\\\/\\\/www.wikafi.be\\\/\",\"name\":\"Wikafi\",\"description\":\"Web to you\",\"publisher\":{\"@id\":\"https:\\\/\\\/www.wikafi.be\\\/#organization\"},\"potentialAction\":[{\"@type\":\"SearchAction\",\"target\":{\"@type\":\"EntryPoint\",\"urlTemplate\":\"https:\\\/\\\/www.wikafi.be\\\/?s={search_term_string}\"},\"query-input\":{\"@type\":\"PropertyValueSpecification\",\"valueRequired\":true,\"valueName\":\"search_term_string\"}}],\"inLanguage\":\"en-US\"},{\"@type\":\"Organization\",\"@id\":\"https:\\\/\\\/www.wikafi.be\\\/#organization\",\"name\":\"Wikafi\",\"url\":\"https:\\\/\\\/www.wikafi.be\\\/\",\"logo\":{\"@type\":\"ImageObject\",\"inLanguage\":\"en-US\",\"@id\":\"https:\\\/\\\/www.wikafi.be\\\/#\\\/schema\\\/logo\\\/image\\\/\",\"url\":\"https:\\\/\\\/www.wikafi.be\\\/wp-content\\\/uploads\\\/2022\\\/01\\\/LogoWikafi2022.svg\",\"contentUrl\":\"https:\\\/\\\/www.wikafi.be\\\/wp-content\\\/uploads\\\/2022\\\/01\\\/LogoWikafi2022.svg\",\"caption\":\"Wikafi\"},\"image\":{\"@id\":\"https:\\\/\\\/www.wikafi.be\\\/#\\\/schema\\\/logo\\\/image\\\/\"}}]}<\/script>\n<!-- \/ Yoast SEO plugin. -->","yoast_head_json":{"title":"Cookies - Wikafi","robots":{"index":"index","follow":"follow","max-snippet":"max-snippet:-1","max-image-preview":"max-image-preview:large","max-video-preview":"max-video-preview:-1"},"canonical":"https:\/\/www.wikafi.be\/en\/cookies\/","og_locale":"en_US","og_type":"article","og_title":"Cookies - Wikafi","og_description":"Cookies Le site internet de Wikafi utilisent des cookies. Ces donn\u00e9es sont \u00e0 l\u2019usage exclusif de Wikafi et portent exclusivement sur le suivi de navigation depuis le site Internet de Wikafi (web et mobile). Le\u00a0CPVP a souhait\u00e9 que les internautes soient inform\u00e9s du r\u00f4le de ces cookies mais \u00e9galement de la fa\u00e7on de les g\u00e9rer [&hellip;]","og_url":"https:\/\/www.wikafi.be\/en\/cookies\/","og_site_name":"Wikafi","article_modified_time":"2022-03-08T12:15:59+00:00","twitter_card":"summary_large_image","twitter_misc":{"Est. reading time":"3 minutes"},"schema":{"@context":"https:\/\/schema.org","@graph":[{"@type":"WebPage","@id":"https:\/\/www.wikafi.be\/en\/cookies\/","url":"https:\/\/www.wikafi.be\/en\/cookies\/","name":"Cookies - Wikafi","isPartOf":{"@id":"https:\/\/www.wikafi.be\/#website"},"datePublished":"2022-01-12T11:50:29+00:00","dateModified":"2022-03-08T12:15:59+00:00","breadcrumb":{"@id":"https:\/\/www.wikafi.be\/en\/cookies\/#breadcrumb"},"inLanguage":"en-US","potentialAction":[{"@type":"ReadAction","target":["https:\/\/www.wikafi.be\/en\/cookies\/"]}]},{"@type":"BreadcrumbList","@id":"https:\/\/www.wikafi.be\/en\/cookies\/#breadcrumb","itemListElement":[{"@type":"ListItem","position":1,"name":"Accueil","item":"https:\/\/www.wikafi.be\/"},{"@type":"ListItem","position":2,"name":"Cookies"}]},{"@type":"WebSite","@id":"https:\/\/www.wikafi.be\/#website","url":"https:\/\/www.wikafi.be\/","name":"Wikafi","description":"Web to you","publisher":{"@id":"https:\/\/www.wikafi.be\/#organization"},"potentialAction":[{"@type":"SearchAction","target":{"@type":"EntryPoint","urlTemplate":"https:\/\/www.wikafi.be\/?s={search_term_string}"},"query-input":{"@type":"PropertyValueSpecification","valueRequired":true,"valueName":"search_term_string"}}],"inLanguage":"en-US"},{"@type":"Organization","@id":"https:\/\/www.wikafi.be\/#organization","name":"Wikafi","url":"https:\/\/www.wikafi.be\/","logo":{"@type":"ImageObject","inLanguage":"en-US","@id":"https:\/\/www.wikafi.be\/#\/schema\/logo\/image\/","url":"https:\/\/www.wikafi.be\/wp-content\/uploads\/2022\/01\/LogoWikafi2022.svg","contentUrl":"https:\/\/www.wikafi.be\/wp-content\/uploads\/2022\/01\/LogoWikafi2022.svg","caption":"Wikafi"},"image":{"@id":"https:\/\/www.wikafi.be\/#\/schema\/logo\/image\/"}}]}},"_links":{"self":[{"href":"https:\/\/www.wikafi.be\/en\/wp-json\/wp\/v2\/pages\/1272","targetHints":{"allow":["GET"]}}],"collection":[{"href":"https:\/\/www.wikafi.be\/en\/wp-json\/wp\/v2\/pages"}],"about":[{"href":"https:\/\/www.wikafi.be\/en\/wp-json\/wp\/v2\/types\/page"}],"author":[{"embeddable":true,"href":"https:\/\/www.wikafi.be\/en\/wp-json\/wp\/v2\/users\/2"}],"replies":[{"embeddable":true,"href":"https:\/\/www.wikafi.be\/en\/wp-json\/wp\/v2\/comments?post=1272"}],"version-history":[{"count":0,"href":"https:\/\/www.wikafi.be\/en\/wp-json\/wp\/v2\/pages\/1272\/revisions"}],"wp:attachment":[{"href":"https:\/\/www.wikafi.be\/en\/wp-json\/wp\/v2\/media?parent=1272"}],"curies":[{"name":"wp","href":"https:\/\/api.w.org\/{rel}","templated":true}]}}